{"id":6663,"date":"2021-03-29T13:52:46","date_gmt":"2021-03-29T11:52:46","guid":{"rendered":"https:\/\/tesisdoctoralesonline.com\/politica-de-cookies\/"},"modified":"2026-03-23T14:13:10","modified_gmt":"2026-03-23T12:13:10","slug":"politica-de-cookies","status":"publish","type":"page","link":"https:\/\/tesisdoctoralesonline.com\/pt-pt\/politica-de-cookies\/","title":{"rendered":"Pol\u00edtica de Cookies"},"content":{"rendered":"<p>[et_pb_section fb_built=&#8221;1&#8243; admin_label=&#8221;Header&#8221; _builder_version=&#8221;4.10.8&#8243; background_enable_color=&#8221;off&#8221; background_image=&#8221;https:\/\/tesisdoctoralesonline.com\/wp-content\/uploads\/2022\/01\/impresion-tesis-online-head.jpg&#8221; background_position=&#8221;center_right&#8221; custom_padding=&#8221;0px||0px||false|false&#8221; bottom_divider_color=&#8221;#ffffff&#8221; bottom_divider_height=&#8221;160px&#8221; hover_enabled=&#8221;0&#8243; global_colors_info=&#8221;{}&#8221; title_text=&#8221;impresion-tesis-online-head&#8221; sticky_enabled=&#8221;0&#8243; module_id=&#8221;banhead&#8221;][et_pb_row _builder_version=&#8221;4.10.8&#8243; background_enable_color=&#8221;off&#8221; width=&#8221;90%&#8221; custom_padding=&#8221;||||false|true&#8221; border_radii=&#8221;on|10px|10px|10px|10px&#8221; box_shadow_style=&#8221;preset1&#8243; box_shadow_color=&#8221;RGBA(0,0,0,0)&#8221; global_colors_info=&#8221;{}&#8221;][et_pb_column type=&#8221;4_4&#8243; _builder_version=&#8221;4.10.8&#8243; custom_padding=&#8221;||||false|false&#8221; global_colors_info=&#8221;{}&#8221;][et_pb_text _builder_version=&#8221;4.10.8&#8243; header_text_align=&#8221;left&#8221; header_text_color=&#8221;gcid-0236aab9-af83-4013-b66d-c5604f933f05&#8243; header_font_size=&#8221;42px&#8221; header_2_font=&#8221;|700|||||||&#8221; header_2_text_align=&#8221;center&#8221; header_2_font_size=&#8221;50px&#8221; header_2_line_height=&#8221;1.3em&#8221; header_3_font=&#8221;|700|||||||&#8221; header_3_text_align=&#8221;center&#8221; header_3_text_color=&#8221;gcid-790a8679-43bf-4c0d-b54a-1a563e9ebc98&#8243; header_3_font_size=&#8221;42px&#8221; header_3_line_height=&#8221;1.3em&#8221; custom_margin=&#8221;||0px||false|false&#8221; header_2_font_size_tablet=&#8221;32px&#8221; header_2_font_size_phone=&#8221;24px&#8221; header_2_font_size_last_edited=&#8221;on|phone&#8221; locked=&#8221;off&#8221; global_colors_info=&#8221;{%22gcid-790a8679-43bf-4c0d-b54a-1a563e9ebc98%22:%91%22header_3_text_color%22%93,%22gcid-0236aab9-af83-4013-b66d-c5604f933f05%22:%91%22header_text_color%22%93}&#8221;]<\/p>\n<h1>Pol\u00edtica de <span>Cookies<\/span><\/h1>\n<p>[\/et_pb_text][et_pb_text _builder_version=&#8221;4.10.8&#8243; text_font=&#8221;||||||||&#8221; text_text_color=&#8221;#000000&#8243; header_2_font=&#8221;|700|||||||&#8221; header_2_text_align=&#8221;center&#8221; header_2_font_size=&#8221;50px&#8221; header_2_line_height=&#8221;1.3em&#8221; header_3_font=&#8221;Playfair Display|700|||||||&#8221; header_3_text_align=&#8221;center&#8221; header_3_text_color=&#8221;#2a3749&#8243; header_3_font_size=&#8221;42px&#8221; header_3_line_height=&#8221;1.3em&#8221; custom_margin=&#8221;0px||||false|false&#8221; text_font_size_tablet=&#8221;&#8221; text_font_size_phone=&#8221;13px&#8221; text_font_size_last_edited=&#8221;on|phone&#8221; header_2_font_size_tablet=&#8221;32px&#8221; header_2_font_size_phone=&#8221;24px&#8221; header_2_font_size_last_edited=&#8221;on|phone&#8221; locked=&#8221;off&#8221; global_colors_info=&#8221;{}&#8221;]<\/p>\n<p>Se tiver alguma d\u00favida sobre como proceder para imprimir a sua tese connosco, n\u00e3o hesite em contactar-nos<\/p>\n<div class=\"sep\" style=\"margin: 15px 0;\"><\/div>\n<p>[\/et_pb_text][\/et_pb_column][\/et_pb_row][\/et_pb_section][et_pb_section fb_built=&#8221;1&#8243; _builder_version=&#8221;4.9.1&#8243; custom_margin=&#8221;||6px|||&#8221; custom_padding=&#8221;0px||58px||false|false&#8221; top_divider_color=&#8221;#129bb2&#8243; top_divider_repeat=&#8221;3x&#8221; top_divider_flip=&#8221;horizontal&#8221; global_colors_info=&#8221;{}&#8221;][et_pb_row _builder_version=&#8221;3.25&#8243; background_size=&#8221;initial&#8221; background_position=&#8221;top_left&#8221; background_repeat=&#8221;repeat&#8221; global_colors_info=&#8221;{}&#8221;][et_pb_column type=&#8221;4_4&#8243; _builder_version=&#8221;3.25&#8243; custom_padding=&#8221;|||&#8221; global_colors_info=&#8221;{}&#8221; custom_padding__hover=&#8221;|||&#8221;][et_pb_text _builder_version=&#8221;4.9.1&#8243; header_3_font_size=&#8221;19px&#8221; background_size=&#8221;initial&#8221; background_position=&#8221;top_left&#8221; background_repeat=&#8221;repeat&#8221; text_orientation=&#8221;justified&#8221; custom_margin=&#8221;22px|||||&#8221; global_colors_info=&#8221;{}&#8221;]Como utilizador do nosso site, informamos que este utiliza cookies quando navega pelas diferentes p\u00e1ginas e sec\u00e7\u00f5es do site ou quando utiliza algum dos servi\u00e7os disponibilizados.<\/p>\n<p>A seguir, apresentamos informa\u00e7\u00f5es detalhadas.<\/p>\n<h3>O que s\u00e3o cookies?<\/h3>\n<p>Os cookies s\u00e3o ficheiros de informa\u00e7\u00e3o que s\u00e3o descarregados no seu computador, tablet ou smartphone ao aceder a determinadas p\u00e1ginas da Internet, com o objetivo de armazenar dados que podem ser atualizados e recuperados pela entidade respons\u00e1vel pela sua instala\u00e7\u00e3o. <\/p>\n<p>A maioria dos principais sites utiliza cookies.<\/p>\n<h3>Que tipos de cookies existem?<\/h3>\n<p>1. Dependendo da entidade que as gere:<\/p>\n<p>&#8211; Cookies pr\u00f3prios: s\u00e3o aqueles que s\u00e3o enviados para o dispositivo do utilizador a partir de um servidor ou dom\u00ednio gerido pelo pr\u00f3prio editor do site e a partir do qual \u00e9 prestado o servi\u00e7o solicitado pelo utilizador.<\/p>\n<p>&#8211; Cookies de terceiros: s\u00e3o aqueles que s\u00e3o enviados para o dispositivo do utilizador a partir de um servidor ou dom\u00ednio que n\u00e3o \u00e9 gerido pelo editor, mas sim por outra entidade que trata os dados obtidos, normalmente com o objetivo de apresentar publicidade segmentada.<\/p>\n<p>2. De acordo com o per\u00edodo de tempo durante o qual permanecem ativas:<\/p>\n<p>&#8211; Cookies de sess\u00e3o: s\u00e3o um tipo de cookies concebidos para recolher e armazenar dados enquanto o utilizador acede a um site.<\/p>\n<p>&#8211; Cookies persistentes: s\u00e3o um tipo de cookies em que os dados permanecem armazenados no dispositivo, podendo ser acedidos e tratados durante um per\u00edodo definido pelo respons\u00e1vel pelo cookie, que pode variar entre alguns minutos e v\u00e1rios anos. <\/p>\n<p>3. De acordo com a sua finalidade: <\/p>\n<p>&#8211; Cookies t\u00e9cnicos: permitem ao utilizador navegar num site, plataforma ou aplica\u00e7\u00e3o e utilizar as diferentes op\u00e7\u00f5es ou servi\u00e7os nela dispon\u00edveis. <\/p>\n<p>&#8211; Cookies de personaliza\u00e7\u00e3o: permitem ao utilizador aceder ao servi\u00e7o com determinadas caracter\u00edsticas, tais como o idioma, o tipo de navegador atrav\u00e9s do qual acede ao servi\u00e7o, a configura\u00e7\u00e3o regional a partir da qual acede ao servi\u00e7o, etc.<\/p>\n<p>&#8211; Cookies de an\u00e1lise: permitem o acompanhamento e a an\u00e1lise do comportamento dos utilizadores dos sites aos quais est\u00e3o associados. As informa\u00e7\u00f5es recolhidas atrav\u00e9s deste tipo de cookies s\u00e3o utilizadas para medir a atividade dos sites, aplica\u00e7\u00f5es ou plataformas e para criar perfis de navega\u00e7\u00e3o dos utilizadores desses sites, aplica\u00e7\u00f5es e plataformas, com o objetivo de introduzir melhorias. <\/p>\n<p>&#8211; Cookies publicit\u00e1rios: permitem a gest\u00e3o eficaz dos espa\u00e7os publicit\u00e1rios que, se for o caso, o editor tenha inclu\u00eddo num site, numa aplica\u00e7\u00e3o ou numa plataforma, influenciando o conte\u00fado ou a frequ\u00eancia com que os an\u00fancios s\u00e3o apresentados.<\/p>\n<p>&#8211; Cookies de publicidade comportamental: permitem a gest\u00e3o eficaz desses espa\u00e7os publicit\u00e1rios, armazenando informa\u00e7\u00f5es sobre o comportamento dos utilizadores atrav\u00e9s dos seus h\u00e1bitos de navega\u00e7\u00e3o, o que permite criar um perfil espec\u00edfico para apresentar publicidade de acordo com esse comportamento. <\/p>\n<h3>Que cookies utiliza este site?<\/h3>\n<p>Este site utiliza cookies anal\u00edticos de terceiros.<\/p>\n<p>A seguir, apresentamos-te os detalhes.<\/p>\n<p>Cookie _dc_gtm_UA-70138678-1. Se trata de una cookie anal\u00edtica relacionada con Google Tag Manager para controlar la carga de una etiqueta de script de Google Analytics. Tiene caducidad de sesi\u00f3n.<\/p>\n<p>Cookie _ga. Trata-se de um cookie anal\u00edtico associado ao Google Analytics. Armazena um identificador \u00fanico de cliente e serve para controlar visitas \u00fanicas, dados de utilizadores, campanhas&#8230; Tem uma validade de 2 anos.   <\/p>\n<p>Cookie _gat. Se trata de una cookie anal\u00edtica, relacionada con Google Analytics. Se usa para diferenciar entre los diferentes objetos de seguimiento creados en la sesi\u00f3n. Tiene una caducidad de 10 minutos que se actualiza cada vez que se env\u00edan datos a Google Analytics.   <\/p>\n<p>Cookie _gid. Trata-se de um cookie anal\u00edtico associado ao Google Analytics, utilizado para distinguir os utilizadores. Tem uma dura\u00e7\u00e3o de 24 horas.  <\/p>\n<p>Google Analytics<br \/>\nEste site utiliza o Google Analytics, um servi\u00e7o de an\u00e1lise da web prestado pela Google Inc., 1600 Amphitheatre Parkway, Mountain View, CA 94043, EUA (\u00abGoogle\u00bb). O Google Analytics utiliza um tipo espec\u00edfico de \u00abcookies\u00bb, que s\u00e3o ficheiros de texto armazenados no seu computador e que permitem analisar a sua utiliza\u00e7\u00e3o do site. As informa\u00e7\u00f5es geradas pelo cookie sobre a utiliza\u00e7\u00e3o do site s\u00e3o normalmente enviadas para um servidor da Google nos EUA, onde s\u00e3o armazenadas.<br \/>\nO Google Analytics utiliza apenas cookies pr\u00f3prios, que est\u00e3o associados ao dom\u00ednio que os gera (s\u00e3o menos invasivos do que os de terceiros).<br \/>\nEste tipo de cookies n\u00e3o deve identificar o utilizador, uma vez que recolhem apenas informa\u00e7\u00f5es sobre a navega\u00e7\u00e3o dos utilizadores de forma an\u00f3nima.<br \/>\nEm nosso nome, a Google utilizar\u00e1 estas informa\u00e7\u00f5es para analisar a forma como utiliza este site, para elaborar um relat\u00f3rio sobre a atividade do site e para fornecer outros servi\u00e7os relacionados com sites e servi\u00e7os semelhantes ao prestador de servi\u00e7os de informa\u00e7\u00e3o deste site. O endere\u00e7o IP transmitido pelo seu navegador no \u00e2mbito do Google Analytics n\u00e3o \u00e9 associado a outros dados da Google. Pode recusar o armazenamento de cookies alterando as configura\u00e7\u00f5es do seu navegador.<br \/>\nTamb\u00e9m pode impedir que o cookie registe dados sobre a sua utiliza\u00e7\u00e3o deste site (incluindo o seu endere\u00e7o IP) para serem enviados ao Google e impedir que esses dados sejam processados pelo Google, descarregando e instalando um plugin no seu navegador, dispon\u00edvel atrav\u00e9s deste link. Pode encontrar informa\u00e7\u00f5es adicionais sobre os Termos de Utiliza\u00e7\u00e3o e a Pol\u00edtica de Privacidade de Dados.   <\/p>\n<p>Como impedir que os \u00abcookies\u00bb sejam armazenados no seu disco r\u00edgido e como os eliminar?<br \/>\nAo aceder a este site ou p\u00e1gina web, na p\u00e1gina inicial, ter\u00e1 visto um separador que o informa sobre a utiliza\u00e7\u00e3o de cookies e o acesso a esta Pol\u00edtica de Cookies.<br \/>\nSe tiver o navegador configurado para aceitar cookies e continuar a navegar, aceita a utiliza\u00e7\u00e3o de cookies. Caso contr\u00e1rio, configure o seu navegador para n\u00e3o aceitar cookies ou para os bloquear, ou n\u00e3o continue a navegar, apagando assim os cookies que tenham sido carregados. No caso de os bloquear ou rejeitar, \u00e9 poss\u00edvel que determinados servi\u00e7os e conte\u00fados que necessitem da sua utiliza\u00e7\u00e3o n\u00e3o estejam dispon\u00edveis, n\u00e3o podendo usufruir deles.  <\/p>\n<p>Pode configurar o seu navegador da Internet para impedir o armazenamento de cookies. Tamb\u00e9m pode eliminar os cookies instalados a qualquer momento. Consulte a sec\u00e7\u00e3o de ajuda do seu navegador para saber mais sobre como tudo isto funciona em pormenor. Est\u00e1 dispon\u00edvel uma explica\u00e7\u00e3o com capturas de ecr\u00e3 para os navegadores Firefox, Explorer, Chrome e Safari.   <\/p>\n<p>Tenha em conta que estes links podem sofrer altera\u00e7\u00f5es.[\/et_pb_text][\/et_pb_column][\/et_pb_row][\/et_pb_section]<\/p>\n","protected":false},"excerpt":{"rendered":"<p>Pol\u00edtica de CookiesSe tiver alguma d\u00favida sobre como proceder para imprimir a sua tese connosco, n\u00e3o hesite em contactar-nos Como utilizador do nosso site, informamos que este utiliza cookies quando navega pelas diferentes p\u00e1ginas e sec\u00e7\u00f5es do site ou quando utiliza algum dos servi\u00e7os disponibilizados. A seguir, apresentamos informa\u00e7\u00f5es detalhadas. O que s\u00e3o cookies? Os [&hellip;]<\/p>\n","protected":false},"author":1,"featured_media":0,"parent":0,"menu_order":0,"comment_status":"closed","ping_status":"closed","template":"","meta":{"_et_pb_use_builder":"on","_et_pb_old_content":"","_et_gb_content_width":"","inline_featured_image":false,"footnotes":""},"class_list":["post-6663","page","type-page","status-publish","hentry"],"yoast_head":"<!-- This site is optimized with the Yoast SEO Premium plugin v26.1 (Yoast SEO v27.0) - https:\/\/yoast.com\/product\/yoast-seo-premium-wordpress\/ -->\n<title>Pol\u00edtica de Cookies<\/title>\n<meta name=\"description\" content=\"Pol\u00edtica de Cookies. Teses de Doutoramento Online. A sua impress\u00e3o online segura de teses de doutoramento.\" \/>\n<meta name=\"robots\" content=\"noindex, follow\" \/>\n<meta property=\"og:locale\" content=\"pt_PT\" \/>\n<meta property=\"og:type\" content=\"article\" \/>\n<meta property=\"og:title\" content=\"Pol\u00edtica de Cookies\" \/>\n<meta property=\"og:description\" content=\"Pol\u00edtica de Cookies. Teses de Doutoramento Online. A sua impress\u00e3o online segura de teses de doutoramento.\" \/>\n<meta property=\"og:url\" content=\"https:\/\/tesisdoctoralesonline.com\/pt-pt\/politica-de-cookies\/\" \/>\n<meta property=\"og:site_name\" content=\"Tesis doctorales online\" \/>\n<meta property=\"article:modified_time\" content=\"2026-03-23T12:13:10+00:00\" \/>\n<meta property=\"og:image\" content=\"https:\/\/tesisdoctoralesonline.com\/wp-content\/uploads\/2021\/10\/tesis-doctorales-online_logo.jpg\" \/>\n\t<meta property=\"og:image:width\" content=\"318\" \/>\n\t<meta property=\"og:image:height\" content=\"87\" \/>\n\t<meta property=\"og:image:type\" content=\"image\/jpeg\" \/>\n<meta name=\"twitter:card\" content=\"summary_large_image\" \/>\n<meta name=\"twitter:label1\" content=\"Tempo estimado de leitura\" \/>\n\t<meta name=\"twitter:data1\" content=\"8 minutos\" \/>\n<script type=\"application\/ld+json\" class=\"yoast-schema-graph\">{\"@context\":\"https:\/\/schema.org\",\"@graph\":[{\"@type\":\"WebPage\",\"@id\":\"https:\/\/tesisdoctoralesonline.com\/pt-pt\/politica-de-cookies\/\",\"url\":\"https:\/\/tesisdoctoralesonline.com\/pt-pt\/politica-de-cookies\/\",\"name\":\"Pol\u00edtica de Cookies\",\"isPartOf\":{\"@id\":\"https:\/\/tesisdoctoralesonline.com\/pt-pt\/#website\"},\"datePublished\":\"2021-03-29T11:52:46+00:00\",\"dateModified\":\"2026-03-23T12:13:10+00:00\",\"description\":\"Pol\u00edtica de Cookies. Teses de Doutoramento Online. A sua impress\u00e3o online segura de teses de doutoramento.\",\"breadcrumb\":{\"@id\":\"https:\/\/tesisdoctoralesonline.com\/pt-pt\/politica-de-cookies\/#breadcrumb\"},\"inLanguage\":\"pt-PT\",\"potentialAction\":[{\"@type\":\"ReadAction\",\"target\":[\"https:\/\/tesisdoctoralesonline.com\/pt-pt\/politica-de-cookies\/\"]}]},{\"@type\":\"BreadcrumbList\",\"@id\":\"https:\/\/tesisdoctoralesonline.com\/pt-pt\/politica-de-cookies\/#breadcrumb\",\"itemListElement\":[{\"@type\":\"ListItem\",\"position\":1,\"name\":\"Portada\",\"item\":\"https:\/\/tesisdoctoralesonline.com\/pt-pt\/\"},{\"@type\":\"ListItem\",\"position\":2,\"name\":\"Pol\u00edtica de Cookies\"}]},{\"@type\":\"WebSite\",\"@id\":\"https:\/\/tesisdoctoralesonline.com\/pt-pt\/#website\",\"url\":\"https:\/\/tesisdoctoralesonline.com\/pt-pt\/\",\"name\":\"Tesis doctorales online\",\"description\":\"Especialistas en imprimir tesis doctorales\",\"publisher\":{\"@id\":\"https:\/\/tesisdoctoralesonline.com\/pt-pt\/#organization\"},\"potentialAction\":[{\"@type\":\"SearchAction\",\"target\":{\"@type\":\"EntryPoint\",\"urlTemplate\":\"https:\/\/tesisdoctoralesonline.com\/pt-pt\/?s={search_term_string}\"},\"query-input\":{\"@type\":\"PropertyValueSpecification\",\"valueRequired\":true,\"valueName\":\"search_term_string\"}}],\"inLanguage\":\"pt-PT\"},{\"@type\":\"Organization\",\"@id\":\"https:\/\/tesisdoctoralesonline.com\/pt-pt\/#organization\",\"name\":\"Tesis Doctorales Online\",\"url\":\"https:\/\/tesisdoctoralesonline.com\/pt-pt\/\",\"logo\":{\"@type\":\"ImageObject\",\"inLanguage\":\"pt-PT\",\"@id\":\"https:\/\/tesisdoctoralesonline.com\/pt-pt\/#\/schema\/logo\/image\/\",\"url\":\"https:\/\/tesisdoctoralesonline.com\/wp-content\/uploads\/2021\/10\/tesis-doctorales-online_logo.jpg\",\"contentUrl\":\"https:\/\/tesisdoctoralesonline.com\/wp-content\/uploads\/2021\/10\/tesis-doctorales-online_logo.jpg\",\"width\":318,\"height\":87,\"caption\":\"Tesis Doctorales Online\"},\"image\":{\"@id\":\"https:\/\/tesisdoctoralesonline.com\/pt-pt\/#\/schema\/logo\/image\/\"}}]}<\/script>\n<!-- \/ Yoast SEO Premium plugin. -->","yoast_head_json":{"title":"Pol\u00edtica de Cookies","description":"Pol\u00edtica de Cookies. Teses de Doutoramento Online. A sua impress\u00e3o online segura de teses de doutoramento.","robots":{"index":"noindex","follow":"follow"},"og_locale":"pt_PT","og_type":"article","og_title":"Pol\u00edtica de Cookies","og_description":"Pol\u00edtica de Cookies. Teses de Doutoramento Online. A sua impress\u00e3o online segura de teses de doutoramento.","og_url":"https:\/\/tesisdoctoralesonline.com\/pt-pt\/politica-de-cookies\/","og_site_name":"Tesis doctorales online","article_modified_time":"2026-03-23T12:13:10+00:00","og_image":[{"width":318,"height":87,"url":"https:\/\/tesisdoctoralesonline.com\/wp-content\/uploads\/2021\/10\/tesis-doctorales-online_logo.jpg","type":"image\/jpeg"}],"twitter_card":"summary_large_image","twitter_misc":{"Tempo estimado de leitura":"8 minutos"},"schema":{"@context":"https:\/\/schema.org","@graph":[{"@type":"WebPage","@id":"https:\/\/tesisdoctoralesonline.com\/pt-pt\/politica-de-cookies\/","url":"https:\/\/tesisdoctoralesonline.com\/pt-pt\/politica-de-cookies\/","name":"Pol\u00edtica de Cookies","isPartOf":{"@id":"https:\/\/tesisdoctoralesonline.com\/pt-pt\/#website"},"datePublished":"2021-03-29T11:52:46+00:00","dateModified":"2026-03-23T12:13:10+00:00","description":"Pol\u00edtica de Cookies. Teses de Doutoramento Online. A sua impress\u00e3o online segura de teses de doutoramento.","breadcrumb":{"@id":"https:\/\/tesisdoctoralesonline.com\/pt-pt\/politica-de-cookies\/#breadcrumb"},"inLanguage":"pt-PT","potentialAction":[{"@type":"ReadAction","target":["https:\/\/tesisdoctoralesonline.com\/pt-pt\/politica-de-cookies\/"]}]},{"@type":"BreadcrumbList","@id":"https:\/\/tesisdoctoralesonline.com\/pt-pt\/politica-de-cookies\/#breadcrumb","itemListElement":[{"@type":"ListItem","position":1,"name":"Portada","item":"https:\/\/tesisdoctoralesonline.com\/pt-pt\/"},{"@type":"ListItem","position":2,"name":"Pol\u00edtica de Cookies"}]},{"@type":"WebSite","@id":"https:\/\/tesisdoctoralesonline.com\/pt-pt\/#website","url":"https:\/\/tesisdoctoralesonline.com\/pt-pt\/","name":"Tesis doctorales online","description":"Especialistas en imprimir tesis doctorales","publisher":{"@id":"https:\/\/tesisdoctoralesonline.com\/pt-pt\/#organization"},"potentialAction":[{"@type":"SearchAction","target":{"@type":"EntryPoint","urlTemplate":"https:\/\/tesisdoctoralesonline.com\/pt-pt\/?s={search_term_string}"},"query-input":{"@type":"PropertyValueSpecification","valueRequired":true,"valueName":"search_term_string"}}],"inLanguage":"pt-PT"},{"@type":"Organization","@id":"https:\/\/tesisdoctoralesonline.com\/pt-pt\/#organization","name":"Tesis Doctorales Online","url":"https:\/\/tesisdoctoralesonline.com\/pt-pt\/","logo":{"@type":"ImageObject","inLanguage":"pt-PT","@id":"https:\/\/tesisdoctoralesonline.com\/pt-pt\/#\/schema\/logo\/image\/","url":"https:\/\/tesisdoctoralesonline.com\/wp-content\/uploads\/2021\/10\/tesis-doctorales-online_logo.jpg","contentUrl":"https:\/\/tesisdoctoralesonline.com\/wp-content\/uploads\/2021\/10\/tesis-doctorales-online_logo.jpg","width":318,"height":87,"caption":"Tesis Doctorales Online"},"image":{"@id":"https:\/\/tesisdoctoralesonline.com\/pt-pt\/#\/schema\/logo\/image\/"}}]}},"_links":{"self":[{"href":"https:\/\/tesisdoctoralesonline.com\/pt-pt\/wp-json\/wp\/v2\/pages\/6663","targetHints":{"allow":["GET"]}}],"collection":[{"href":"https:\/\/tesisdoctoralesonline.com\/pt-pt\/wp-json\/wp\/v2\/pages"}],"about":[{"href":"https:\/\/tesisdoctoralesonline.com\/pt-pt\/wp-json\/wp\/v2\/types\/page"}],"author":[{"embeddable":true,"href":"https:\/\/tesisdoctoralesonline.com\/pt-pt\/wp-json\/wp\/v2\/users\/1"}],"replies":[{"embeddable":true,"href":"https:\/\/tesisdoctoralesonline.com\/pt-pt\/wp-json\/wp\/v2\/comments?post=6663"}],"version-history":[{"count":2,"href":"https:\/\/tesisdoctoralesonline.com\/pt-pt\/wp-json\/wp\/v2\/pages\/6663\/revisions"}],"predecessor-version":[{"id":6665,"href":"https:\/\/tesisdoctoralesonline.com\/pt-pt\/wp-json\/wp\/v2\/pages\/6663\/revisions\/6665"}],"wp:attachment":[{"href":"https:\/\/tesisdoctoralesonline.com\/pt-pt\/wp-json\/wp\/v2\/media?parent=6663"}],"curies":[{"name":"wp","href":"https:\/\/api.w.org\/{rel}","templated":true}]}}