{"id":6666,"date":"2021-02-08T13:19:29","date_gmt":"2021-02-08T11:19:29","guid":{"rendered":"https:\/\/tesisdoctoralesonline.com\/politica-de-privacidade\/"},"modified":"2026-03-23T14:16:23","modified_gmt":"2026-03-23T12:16:23","slug":"politica-de-privacidade","status":"publish","type":"page","link":"https:\/\/tesisdoctoralesonline.com\/pt-pt\/politica-de-privacidade\/","title":{"rendered":"Pol\u00edtica de Privacidade"},"content":{"rendered":"<p>[et_pb_section fb_built=&#8221;1&#8243; admin_label=&#8221;Header&#8221; _builder_version=&#8221;4.10.8&#8243; background_enable_color=&#8221;off&#8221; background_image=&#8221;https:\/\/tesisdoctoralesonline.com\/wp-content\/uploads\/2022\/01\/impresion-tesis-online-head.jpg&#8221; background_position=&#8221;center_right&#8221; custom_padding=&#8221;0px||0px||false|false&#8221; bottom_divider_color=&#8221;#ffffff&#8221; bottom_divider_height=&#8221;160px&#8221; hover_enabled=&#8221;0&#8243; global_colors_info=&#8221;{}&#8221; title_text=&#8221;impresion-tesis-online-head&#8221; sticky_enabled=&#8221;0&#8243; module_id=&#8221;banhead&#8221;][et_pb_row _builder_version=&#8221;4.10.8&#8243; background_enable_color=&#8221;off&#8221; width=&#8221;90%&#8221; custom_padding=&#8221;||||false|true&#8221; border_radii=&#8221;on|10px|10px|10px|10px&#8221; box_shadow_style=&#8221;preset1&#8243; box_shadow_color=&#8221;RGBA(0,0,0,0)&#8221; global_colors_info=&#8221;{}&#8221;][et_pb_column type=&#8221;4_4&#8243; _builder_version=&#8221;4.10.8&#8243; custom_padding=&#8221;||||false|false&#8221; global_colors_info=&#8221;{}&#8221;][et_pb_text _builder_version=&#8221;4.10.8&#8243; header_text_align=&#8221;left&#8221; header_text_color=&#8221;gcid-0236aab9-af83-4013-b66d-c5604f933f05&#8243; header_font_size=&#8221;42px&#8221; header_2_font=&#8221;|700|||||||&#8221; header_2_text_align=&#8221;center&#8221; header_2_font_size=&#8221;50px&#8221; header_2_line_height=&#8221;1.3em&#8221; header_3_font=&#8221;|700|||||||&#8221; header_3_text_align=&#8221;center&#8221; header_3_text_color=&#8221;gcid-790a8679-43bf-4c0d-b54a-1a563e9ebc98&#8243; header_3_font_size=&#8221;42px&#8221; header_3_line_height=&#8221;1.3em&#8221; custom_margin=&#8221;||0px||false|false&#8221; header_2_font_size_tablet=&#8221;32px&#8221; header_2_font_size_phone=&#8221;24px&#8221; header_2_font_size_last_edited=&#8221;on|phone&#8221; locked=&#8221;off&#8221; global_colors_info=&#8221;{%22gcid-790a8679-43bf-4c0d-b54a-1a563e9ebc98%22:%91%22header_3_text_color%22%93,%22gcid-0236aab9-af83-4013-b66d-c5604f933f05%22:%91%22header_text_color%22%93}&#8221;]<\/p>\n<h1>Pol\u00edtica de <span>Privacidade<\/span><\/h1>\n<p>[\/et_pb_text][et_pb_text _builder_version=&#8221;4.10.8&#8243; text_font=&#8221;||||||||&#8221; text_text_color=&#8221;#000000&#8243; header_2_font=&#8221;|700|||||||&#8221; header_2_text_align=&#8221;center&#8221; header_2_font_size=&#8221;50px&#8221; header_2_line_height=&#8221;1.3em&#8221; header_3_font=&#8221;Playfair Display|700|||||||&#8221; header_3_text_align=&#8221;center&#8221; header_3_text_color=&#8221;#2a3749&#8243; header_3_font_size=&#8221;42px&#8221; header_3_line_height=&#8221;1.3em&#8221; custom_margin=&#8221;0px||||false|false&#8221; text_font_size_tablet=&#8221;&#8221; text_font_size_phone=&#8221;13px&#8221; text_font_size_last_edited=&#8221;on|phone&#8221; header_2_font_size_tablet=&#8221;32px&#8221; header_2_font_size_phone=&#8221;24px&#8221; header_2_font_size_last_edited=&#8221;on|phone&#8221; locked=&#8221;off&#8221; global_colors_info=&#8221;{}&#8221;]<\/p>\n<p>Se tiver alguma d\u00favida sobre como proceder para imprimir a sua tese connosco, n\u00e3o hesite em contactar-nos<\/p>\n<div class=\"sep\" style=\"margin: 15px 0;\"><\/div>\n<p>[\/et_pb_text][\/et_pb_column][\/et_pb_row][\/et_pb_section][et_pb_section fb_built=&#8221;1&#8243; _builder_version=&#8221;4.9.1&#8243; custom_margin=&#8221;||6px|||&#8221; custom_padding=&#8221;0px||58px||false|false&#8221; top_divider_color=&#8221;#129bb2&#8243; top_divider_repeat=&#8221;3x&#8221; top_divider_flip=&#8221;horizontal&#8221; global_colors_info=&#8221;{}&#8221;][et_pb_row _builder_version=&#8221;3.25&#8243; background_size=&#8221;initial&#8221; background_position=&#8221;top_left&#8221; background_repeat=&#8221;repeat&#8221; global_colors_info=&#8221;{}&#8221;][et_pb_column type=&#8221;4_4&#8243; _builder_version=&#8221;3.25&#8243; custom_padding=&#8221;|||&#8221; global_colors_info=&#8221;{}&#8221; custom_padding__hover=&#8221;|||&#8221;][et_pb_text _builder_version=&#8221;4.9.1&#8243; header_3_font_size=&#8221;19px&#8221; background_size=&#8221;initial&#8221; background_position=&#8221;top_left&#8221; background_repeat=&#8221;repeat&#8221; text_orientation=&#8221;justified&#8221; custom_margin=&#8221;82px|||||&#8221; global_colors_info=&#8221;{}&#8221;]LLARdigital has created this privacy statement to demonstrate our firm commitment to protecting your data. We use IP addresses to help diagnose problems with our server and to administer our website. Your IP address may be used to gather broad demographic information.  <\/p>\n<h3>Seguran\u00e7a<\/h3>\n<p>Este site disp\u00f5e de medidas de seguran\u00e7a para proteger contra a perda, o uso indevido e a altera\u00e7\u00e3o das informa\u00e7\u00f5es sob o nosso controlo. Os nossos servidores foram concebidos para impedir o acesso n\u00e3o autorizado, utilizando a mais recente tecnologia de seguran\u00e7a. <\/p>\n<h3>Declara\u00e7\u00e3o de Privacidade<\/h3>\n<p>Respeitamos e levamos muito a s\u00e9rio a privacidade dos nossos clientes; \u00e9 por isso que N\u00c3O vendemos nem alugamos a terceiros quaisquer informa\u00e7\u00f5es recolhidas atrav\u00e9s do nosso site.<\/p>\n<h3>Cookies<\/h3>\n<p>Um \u00abcookie\u00bb \u00e9 um pequeno ficheiro que \u00e9 armazenado no computador do utilizador e que nos permite reconhec\u00ea-lo. Os cookies servem para melhorar os servi\u00e7os que lhe oferecemos. Alguns s\u00e3o estritamente necess\u00e1rios para que o site funcione corretamente e outros servem para melhorar o desempenho e a sua experi\u00eancia como utilizador.  <\/p>\n<p>A LLARdigital utiliza cookies de forma limitada para garantir a sua seguran\u00e7a e N\u00c3O armazena dados pessoais.<\/p>\n<p>Se n\u00e3o ativares os cookies, algumas funcionalidades e p\u00e1ginas n\u00e3o funcionar\u00e3o corretamente. Se quiseres apagar os cookies que tens no computador, clica em \u00abAjuda\u00bb no menu do navegador para veres as instru\u00e7\u00f5es.<\/p>\n<h3>Cookies de terceros en LLARdigital<\/h3>\n<p>A Google colabora com a LLARdigital na \u00e1rea da an\u00e1lise web e da publicidade. Os dados do cookie indicam \u00e0 Google quais as p\u00e1ginas, produtos e servi\u00e7os que foram visitados, permitindo-lhe apresentar os an\u00fancios adequados. <\/p>\n<p>Informa-se aos utilizadores do site da LLARdigital que se considerar\u00e1 que estes d\u00e3o o seu consentimento para a instala\u00e7\u00e3o e utiliza\u00e7\u00e3o de cookies pela LLARdigital caso naveguem nesse site e n\u00e3o tenham configurado o seu navegador para o impedir. Al\u00e9m disso, considerar-se-\u00e1 que os clientes d\u00e3o o seu consentimento expresso \u00e0 utiliza\u00e7\u00e3o de cookies caso n\u00e3o configurem o seu navegador para n\u00e3o as receber e aceitem a presente Pol\u00edtica de Privacidade. <\/p>\n<h3>CONTACTO \/ AVISO LEGAL<\/h3>\n<p>Si tiene cualquier duda sobre esta declaraci\u00f3n de privacidad, las pr\u00e1cticas de este sitio, o su trato con este sitio web, puede contactarnos en:<\/p>\n<p>Castell\u00f3n Digital S.L.<br \/>\nNIF: B-12662755<br \/>\nRua Caballeros, 13 &#8211; R.D.<br \/>\n12001 Castell\u00f3n<br \/>\nEspanha.<\/p>\n<p>Tel. 964 26 00 63<\/p>\n<p>Correo electr\u00f3nico: contacta@llardigital.com<\/p>\n<p>Dados do registo comercial: Registo Comercial de Castell\u00f3n, Tomo: 1244, Livro: 807, F\u00f3lio: 145, P\u00e1gina: CS 23012, Inscri\u00e7\u00e3o: 1.\u00aa[\/et_pb_text][\/et_pb_column][\/et_pb_row][\/et_pb_section]<\/p>\n","protected":false},"excerpt":{"rendered":"<p>Pol\u00edtica de PrivacidadeSe tiver alguma d\u00favida sobre como proceder para imprimir a sua tese connosco, n\u00e3o hesite em contactar-nos LLARdigital has created this privacy statement to demonstrate our firm commitment to protecting your data. We use IP addresses to help diagnose problems with our server and to administer our website. Your IP address may be [&hellip;]<\/p>\n","protected":false},"author":1,"featured_media":0,"parent":0,"menu_order":0,"comment_status":"closed","ping_status":"open","template":"","meta":{"_et_pb_use_builder":"on","_et_pb_old_content":"","_et_gb_content_width":"","inline_featured_image":false,"footnotes":""},"class_list":["post-6666","page","type-page","status-publish","hentry"],"yoast_head":"<!-- This site is optimized with the Yoast SEO Premium plugin v26.1 (Yoast SEO v27.0) - https:\/\/yoast.com\/product\/yoast-seo-premium-wordpress\/ -->\n<title>Pol\u00edtica de Privacidade<\/title>\n<meta name=\"description\" content=\"Pol\u00edtica de Privacidad de Venta LLARdigital Tesis Doctorales Online. Tu impresi\u00f3n online segura de Tesis Doctorales.\" \/>\n<meta name=\"robots\" content=\"noindex, follow\" \/>\n<meta property=\"og:locale\" content=\"pt_PT\" \/>\n<meta property=\"og:type\" content=\"article\" \/>\n<meta property=\"og:title\" content=\"Pol\u00edtica de Privacidade\" \/>\n<meta property=\"og:description\" content=\"Pol\u00edtica de Privacidad de Venta LLARdigital Tesis Doctorales Online. Tu impresi\u00f3n online segura de Tesis Doctorales.\" \/>\n<meta property=\"og:url\" content=\"https:\/\/tesisdoctoralesonline.com\/pt-pt\/politica-de-privacidade\/\" \/>\n<meta property=\"og:site_name\" content=\"Tesis doctorales online\" \/>\n<meta property=\"article:modified_time\" content=\"2026-03-23T12:16:23+00:00\" \/>\n<meta property=\"og:image\" content=\"https:\/\/tesisdoctoralesonline.com\/wp-content\/uploads\/2021\/10\/tesis-doctorales-online_logo.jpg\" \/>\n\t<meta property=\"og:image:width\" content=\"318\" \/>\n\t<meta property=\"og:image:height\" content=\"87\" \/>\n\t<meta property=\"og:image:type\" content=\"image\/jpeg\" \/>\n<meta name=\"twitter:card\" content=\"summary_large_image\" \/>\n<meta name=\"twitter:label1\" content=\"Tempo estimado de leitura\" \/>\n\t<meta name=\"twitter:data1\" content=\"4 minutos\" \/>\n<script type=\"application\/ld+json\" class=\"yoast-schema-graph\">{\"@context\":\"https:\/\/schema.org\",\"@graph\":[{\"@type\":\"WebPage\",\"@id\":\"https:\/\/tesisdoctoralesonline.com\/pt-pt\/politica-de-privacidade\/\",\"url\":\"https:\/\/tesisdoctoralesonline.com\/pt-pt\/politica-de-privacidade\/\",\"name\":\"Pol\u00edtica de Privacidade\",\"isPartOf\":{\"@id\":\"https:\/\/tesisdoctoralesonline.com\/pt-pt\/#website\"},\"datePublished\":\"2021-02-08T11:19:29+00:00\",\"dateModified\":\"2026-03-23T12:16:23+00:00\",\"description\":\"Pol\u00edtica de Privacidad de Venta LLARdigital Tesis Doctorales Online. Tu impresi\u00f3n online segura de Tesis Doctorales.\",\"breadcrumb\":{\"@id\":\"https:\/\/tesisdoctoralesonline.com\/pt-pt\/politica-de-privacidade\/#breadcrumb\"},\"inLanguage\":\"pt-PT\",\"potentialAction\":[{\"@type\":\"ReadAction\",\"target\":[\"https:\/\/tesisdoctoralesonline.com\/pt-pt\/politica-de-privacidade\/\"]}]},{\"@type\":\"BreadcrumbList\",\"@id\":\"https:\/\/tesisdoctoralesonline.com\/pt-pt\/politica-de-privacidade\/#breadcrumb\",\"itemListElement\":[{\"@type\":\"ListItem\",\"position\":1,\"name\":\"Portada\",\"item\":\"https:\/\/tesisdoctoralesonline.com\/pt-pt\/\"},{\"@type\":\"ListItem\",\"position\":2,\"name\":\"Pol\u00edtica de Privacidade\"}]},{\"@type\":\"WebSite\",\"@id\":\"https:\/\/tesisdoctoralesonline.com\/pt-pt\/#website\",\"url\":\"https:\/\/tesisdoctoralesonline.com\/pt-pt\/\",\"name\":\"Tesis doctorales online\",\"description\":\"Especialistas en imprimir tesis doctorales\",\"publisher\":{\"@id\":\"https:\/\/tesisdoctoralesonline.com\/pt-pt\/#organization\"},\"potentialAction\":[{\"@type\":\"SearchAction\",\"target\":{\"@type\":\"EntryPoint\",\"urlTemplate\":\"https:\/\/tesisdoctoralesonline.com\/pt-pt\/?s={search_term_string}\"},\"query-input\":{\"@type\":\"PropertyValueSpecification\",\"valueRequired\":true,\"valueName\":\"search_term_string\"}}],\"inLanguage\":\"pt-PT\"},{\"@type\":\"Organization\",\"@id\":\"https:\/\/tesisdoctoralesonline.com\/pt-pt\/#organization\",\"name\":\"Tesis Doctorales Online\",\"url\":\"https:\/\/tesisdoctoralesonline.com\/pt-pt\/\",\"logo\":{\"@type\":\"ImageObject\",\"inLanguage\":\"pt-PT\",\"@id\":\"https:\/\/tesisdoctoralesonline.com\/pt-pt\/#\/schema\/logo\/image\/\",\"url\":\"https:\/\/tesisdoctoralesonline.com\/wp-content\/uploads\/2021\/10\/tesis-doctorales-online_logo.jpg\",\"contentUrl\":\"https:\/\/tesisdoctoralesonline.com\/wp-content\/uploads\/2021\/10\/tesis-doctorales-online_logo.jpg\",\"width\":318,\"height\":87,\"caption\":\"Tesis Doctorales Online\"},\"image\":{\"@id\":\"https:\/\/tesisdoctoralesonline.com\/pt-pt\/#\/schema\/logo\/image\/\"}}]}<\/script>\n<!-- \/ Yoast SEO Premium plugin. -->","yoast_head_json":{"title":"Pol\u00edtica de Privacidade","description":"Pol\u00edtica de Privacidad de Venta LLARdigital Tesis Doctorales Online. Tu impresi\u00f3n online segura de Tesis Doctorales.","robots":{"index":"noindex","follow":"follow"},"og_locale":"pt_PT","og_type":"article","og_title":"Pol\u00edtica de Privacidade","og_description":"Pol\u00edtica de Privacidad de Venta LLARdigital Tesis Doctorales Online. Tu impresi\u00f3n online segura de Tesis Doctorales.","og_url":"https:\/\/tesisdoctoralesonline.com\/pt-pt\/politica-de-privacidade\/","og_site_name":"Tesis doctorales online","article_modified_time":"2026-03-23T12:16:23+00:00","og_image":[{"width":318,"height":87,"url":"https:\/\/tesisdoctoralesonline.com\/wp-content\/uploads\/2021\/10\/tesis-doctorales-online_logo.jpg","type":"image\/jpeg"}],"twitter_card":"summary_large_image","twitter_misc":{"Tempo estimado de leitura":"4 minutos"},"schema":{"@context":"https:\/\/schema.org","@graph":[{"@type":"WebPage","@id":"https:\/\/tesisdoctoralesonline.com\/pt-pt\/politica-de-privacidade\/","url":"https:\/\/tesisdoctoralesonline.com\/pt-pt\/politica-de-privacidade\/","name":"Pol\u00edtica de Privacidade","isPartOf":{"@id":"https:\/\/tesisdoctoralesonline.com\/pt-pt\/#website"},"datePublished":"2021-02-08T11:19:29+00:00","dateModified":"2026-03-23T12:16:23+00:00","description":"Pol\u00edtica de Privacidad de Venta LLARdigital Tesis Doctorales Online. Tu impresi\u00f3n online segura de Tesis Doctorales.","breadcrumb":{"@id":"https:\/\/tesisdoctoralesonline.com\/pt-pt\/politica-de-privacidade\/#breadcrumb"},"inLanguage":"pt-PT","potentialAction":[{"@type":"ReadAction","target":["https:\/\/tesisdoctoralesonline.com\/pt-pt\/politica-de-privacidade\/"]}]},{"@type":"BreadcrumbList","@id":"https:\/\/tesisdoctoralesonline.com\/pt-pt\/politica-de-privacidade\/#breadcrumb","itemListElement":[{"@type":"ListItem","position":1,"name":"Portada","item":"https:\/\/tesisdoctoralesonline.com\/pt-pt\/"},{"@type":"ListItem","position":2,"name":"Pol\u00edtica de Privacidade"}]},{"@type":"WebSite","@id":"https:\/\/tesisdoctoralesonline.com\/pt-pt\/#website","url":"https:\/\/tesisdoctoralesonline.com\/pt-pt\/","name":"Tesis doctorales online","description":"Especialistas en imprimir tesis doctorales","publisher":{"@id":"https:\/\/tesisdoctoralesonline.com\/pt-pt\/#organization"},"potentialAction":[{"@type":"SearchAction","target":{"@type":"EntryPoint","urlTemplate":"https:\/\/tesisdoctoralesonline.com\/pt-pt\/?s={search_term_string}"},"query-input":{"@type":"PropertyValueSpecification","valueRequired":true,"valueName":"search_term_string"}}],"inLanguage":"pt-PT"},{"@type":"Organization","@id":"https:\/\/tesisdoctoralesonline.com\/pt-pt\/#organization","name":"Tesis Doctorales Online","url":"https:\/\/tesisdoctoralesonline.com\/pt-pt\/","logo":{"@type":"ImageObject","inLanguage":"pt-PT","@id":"https:\/\/tesisdoctoralesonline.com\/pt-pt\/#\/schema\/logo\/image\/","url":"https:\/\/tesisdoctoralesonline.com\/wp-content\/uploads\/2021\/10\/tesis-doctorales-online_logo.jpg","contentUrl":"https:\/\/tesisdoctoralesonline.com\/wp-content\/uploads\/2021\/10\/tesis-doctorales-online_logo.jpg","width":318,"height":87,"caption":"Tesis Doctorales Online"},"image":{"@id":"https:\/\/tesisdoctoralesonline.com\/pt-pt\/#\/schema\/logo\/image\/"}}]}},"_links":{"self":[{"href":"https:\/\/tesisdoctoralesonline.com\/pt-pt\/wp-json\/wp\/v2\/pages\/6666","targetHints":{"allow":["GET"]}}],"collection":[{"href":"https:\/\/tesisdoctoralesonline.com\/pt-pt\/wp-json\/wp\/v2\/pages"}],"about":[{"href":"https:\/\/tesisdoctoralesonline.com\/pt-pt\/wp-json\/wp\/v2\/types\/page"}],"author":[{"embeddable":true,"href":"https:\/\/tesisdoctoralesonline.com\/pt-pt\/wp-json\/wp\/v2\/users\/1"}],"replies":[{"embeddable":true,"href":"https:\/\/tesisdoctoralesonline.com\/pt-pt\/wp-json\/wp\/v2\/comments?post=6666"}],"version-history":[{"count":2,"href":"https:\/\/tesisdoctoralesonline.com\/pt-pt\/wp-json\/wp\/v2\/pages\/6666\/revisions"}],"predecessor-version":[{"id":6668,"href":"https:\/\/tesisdoctoralesonline.com\/pt-pt\/wp-json\/wp\/v2\/pages\/6666\/revisions\/6668"}],"wp:attachment":[{"href":"https:\/\/tesisdoctoralesonline.com\/pt-pt\/wp-json\/wp\/v2\/media?parent=6666"}],"curies":[{"name":"wp","href":"https:\/\/api.w.org\/{rel}","templated":true}]}}